{"id":5130,"date":"2023-11-20T17:41:48","date_gmt":"2023-11-20T17:41:48","guid":{"rendered":"https:\/\/www.magex.it\/contactos-con-nuevos-clientes\/"},"modified":"2025-09-01T06:52:15","modified_gmt":"2025-09-01T06:52:15","slug":"contactos-con-nuevos-clientes","status":"publish","type":"page","link":"https:\/\/www.magex.it\/es\/contactos-con-nuevos-clientes\/","title":{"rendered":"CONTACTOS CON NUEVOS CLIENTES"},"content":{"rendered":"\n<style type=\"text\/css\" data-created_by=\"avia_inline_auto\" id=\"style-css-av-oc7hzl-adf0c249b0cef7c9720e1aeef3efac0b\">\n.avia-section.av-oc7hzl-adf0c249b0cef7c9720e1aeef3efac0b{\nbackground-color:#3f3f3f;\nbackground-image:unset;\n}\n<\/style>\n<div id='form'  class='avia-section av-oc7hzl-adf0c249b0cef7c9720e1aeef3efac0b main_color avia-section-no-padding avia-no-border-styling  avia-builder-el-0  avia-builder-el-no-sibling  avia-bg-style-scroll av-minimum-height av-minimum-height-90 av-height-percent  container_wrap fullsize'   data-av_minimum_height_pc='90' data-av_min_height_opt='percent'><div class='container av-section-cont-open' ><main  role=\"main\" itemprop=\"mainContentOfPage\"  class='template-page content  av-content-full alpha units'><div class='post-entry post-entry-type-page post-entry-5130'><div class='entry-content-wrapper clearfix'>\n\n<style type=\"text\/css\" data-created_by=\"avia_inline_auto\" id=\"style-css-av-mwn5a9-e1ce5ec5cbdb78fcf5ea7d2f76c6b4b2\">\n#top .hr.hr-invisible.av-mwn5a9-e1ce5ec5cbdb78fcf5ea7d2f76c6b4b2{\nheight:100px;\n}\n<\/style>\n<div  class='hr av-mwn5a9-e1ce5ec5cbdb78fcf5ea7d2f76c6b4b2 hr-invisible  avia-builder-el-1  el_before_av_one_half  avia-builder-el-first '><span class='hr-inner '><span class=\"hr-inner-style\"><\/span><\/span><\/div>\n<div class='flex_column_table av-l5q9sh-b0b46470c61abaa8a3224c969b2ab2c7 sc-av_one_half av-equal-height-column-flextable'><div  class='flex_column av-l5q9sh-b0b46470c61abaa8a3224c969b2ab2c7 av_one_half  avia-builder-el-2  el_after_av_hr  el_before_av_one_half  first flex_column_table_cell av-equal-height-column av-align-middle  '     ><style type=\"text\/css\" data-created_by=\"avia_inline_auto\" id=\"style-css-av-lp773sg6-79d5b43ea7915b074156711ee1fdba3d\">\n#top .av_textblock_section.av-lp773sg6-79d5b43ea7915b074156711ee1fdba3d .avia_textblock{\ncolor:#ffffff;\n}\n<\/style>\n<section  class='av_textblock_section av-lp773sg6-79d5b43ea7915b074156711ee1fdba3d '   itemscope=\"itemscope\" itemtype=\"https:\/\/schema.org\/CreativeWork\" ><div class='avia_textblock av_inherit_color'  itemprop=\"text\" ><h2><img loading=\"lazy\" decoding=\"async\" class=\"alignnone size-full wp-image-2585\" src=\"https:\/\/www.magex.it\/wp-content\/uploads\/2023\/03\/striscia.webp\" alt=\"\" width=\"300\" height=\"6\" srcset=\"https:\/\/www.magex.it\/wp-content\/uploads\/2023\/03\/striscia.webp 300w, https:\/\/www.magex.it\/wp-content\/uploads\/2023\/03\/striscia-200x4.webp 200w, https:\/\/www.magex.it\/wp-content\/uploads\/2023\/03\/striscia-260x6.webp 260w, https:\/\/www.magex.it\/wp-content\/uploads\/2023\/03\/striscia-24x1.webp 24w, https:\/\/www.magex.it\/wp-content\/uploads\/2023\/03\/striscia-36x1.webp 36w, https:\/\/www.magex.it\/wp-content\/uploads\/2023\/03\/striscia-48x1.webp 48w\" sizes=\"auto, (max-width: 300px) 100vw, 300px\" \/><\/h2>\n<h1>\u00bfQUIERES SABER M\u00c1S?<br \/>\nSOLICITE AHORA UNA CONSULTA GRATUITA.<\/h1>\n<\/div><\/section><br \/>\n\n<style type=\"text\/css\" data-created_by=\"avia_inline_auto\" id=\"style-css-av-iv9y81-486960bba69d07b9650b7cb43f14dded\">\n#top .hr.hr-invisible.av-iv9y81-486960bba69d07b9650b7cb43f14dded{\nheight:70px;\n}\n<\/style>\n<div  class='hr av-iv9y81-486960bba69d07b9650b7cb43f14dded hr-invisible  avia-builder-el-4  el_after_av_textblock  el_before_av_image '><span class='hr-inner '><span class=\"hr-inner-style\"><\/span><\/span><\/div><br \/>\n\n<style type=\"text\/css\" data-created_by=\"avia_inline_auto\" id=\"style-css-av-lp774trz-363b7899949026e4336106a8e24a8180\">\n.avia-image-container.av-lp774trz-363b7899949026e4336106a8e24a8180 img.avia_image{\nbox-shadow:none;\n}\n.avia-image-container.av-lp774trz-363b7899949026e4336106a8e24a8180 .av-image-caption-overlay-center{\ncolor:#ffffff;\n}\n<\/style>\n<div  class='avia-image-container av-lp774trz-363b7899949026e4336106a8e24a8180 av-styling- avia-align-center  avia-builder-el-5  el_after_av_hr  el_before_av_textblock '   itemprop=\"image\" itemscope=\"itemscope\" itemtype=\"https:\/\/schema.org\/ImageObject\" ><div class=\"avia-image-container-inner\"><div class=\"avia-image-overlay-wrap\"><img fetchpriority=\"high\" class='wp-image-5089 avia-img-lazy-loading-not-5089 avia_image ' src='https:\/\/www.magex.it\/wp-content\/uploads\/2023\/07\/magex2023.webp' alt='' title='magex2023'  height=\"558\" width=\"1500\"  itemprop=\"thumbnailUrl\"  \/><\/div><\/div><\/div><br \/>\n\n<style type=\"text\/css\" data-created_by=\"avia_inline_auto\" id=\"style-css-av-lr6cvzbz-930e7a6b4059ca4804c67c411d946724\">\n#top .av_textblock_section.av-lr6cvzbz-930e7a6b4059ca4804c67c411d946724 .avia_textblock{\ncolor:#ffffff;\n}\n<\/style>\n<section  class='av_textblock_section av-lr6cvzbz-930e7a6b4059ca4804c67c411d946724 '   itemscope=\"itemscope\" itemtype=\"https:\/\/schema.org\/CreativeWork\" ><div class='avia_textblock av_inherit_color'  itemprop=\"text\" ><h2><img loading=\"lazy\" decoding=\"async\" class=\"alignnone size-full wp-image-2585\" src=\"https:\/\/www.magex.it\/wp-content\/uploads\/2023\/03\/striscia.webp\" alt=\"\" width=\"300\" height=\"6\" srcset=\"https:\/\/www.magex.it\/wp-content\/uploads\/2023\/03\/striscia.webp 300w, https:\/\/www.magex.it\/wp-content\/uploads\/2023\/03\/striscia-200x4.webp 200w, https:\/\/www.magex.it\/wp-content\/uploads\/2023\/03\/striscia-260x6.webp 260w, https:\/\/www.magex.it\/wp-content\/uploads\/2023\/03\/striscia-24x1.webp 24w, https:\/\/www.magex.it\/wp-content\/uploads\/2023\/03\/striscia-36x1.webp 36w, https:\/\/www.magex.it\/wp-content\/uploads\/2023\/03\/striscia-48x1.webp 48w\" sizes=\"auto, (max-width: 300px) 100vw, 300px\" \/><\/h2>\n<h2 class=\"p1\">MAGEX SRL<\/h2>\n<p class=\"p1\">Via Vigazzolo 108<span class=\"Apple-converted-space\">\u00a0 <\/span>|<span class=\"Apple-converted-space\">\u00a0 <\/span>36054 Montebello Vicentino (VI)<span class=\"Apple-converted-space\">\u00a0 <\/span>|<span class=\"Apple-converted-space\">\u00a0 <\/span>Italy<br \/>\nP.Iva\u00a0 \/ C.F. 0340543024<span class=\"Apple-converted-space\">\u00a0 <\/span>|<span class=\"Apple-converted-space\"> \u00a0<\/span>Tel. +39 0444 440 917<br \/>\n@ <a href=\"mailto:info@magex.it\">info@magex.it<\/a><\/p>\n<\/div><\/section><\/p><\/div><div class='av-flex-placeholder'><\/div><div  class='flex_column av-1pfkwx-a8eba2d594771070eb8988b914ad0018 av_one_half  avia-builder-el-7  el_after_av_one_half  el_before_av_hr  flex_column_table_cell av-equal-height-column av-align-middle  '     ><form action=\"https:\/\/www.magex.it\/es\/contactos-con-nuevos-clientes\/\" method=\"post\" data-fields-with-error=\"Found errors in the following field(s):\" class=\"avia_ajax_form av-form-labels-hidden   avia-builder-el-8  avia-builder-el-no-sibling   \" data-avia-form-id=\"1\" data-avia-redirect='https:\/\/www.magex.it\/es\/aplicaciones\/' ><fieldset><p class='  first_form  form_element form_fullwidth' id='element_avia_1_1'><label for=\"avia_1_1\">Nombre y apellidos de la persona de contacto <abbr class=\"required\" title=\"requerido\">*<\/abbr><\/label> <input name=\"avia_1_1\" class=\"text_input is_empty\" type=\"text\" id=\"avia_1_1\" value=\"\"  placeholder='Nombre y apellidos de la persona de contacto*'\/><\/p><p class='  first_form  form_element form_fullwidth' id='element_avia_2_1'><label for=\"avia_2_1\">Nombre de la empresa<\/label> <input name=\"avia_2_1\" class=\"text_input \" type=\"text\" id=\"avia_2_1\" value=\"\"  placeholder='Nombre de la empresa'\/><\/p><p class='  first_form  form_element form_fullwidth' id='element_avia_3_1'><label for=\"avia_3_1\">\u00bfCu\u00e1l es tu rol en la empresa? <abbr class=\"required\" title=\"requerido\">*<\/abbr><\/label><select  name=\"avia_3_1\" class=\"select is_empty\" id=\"avia_3_1\"><option class=\"av-placeholder\" disabled=\"disabled\" selected=\"selected\" value=''>\u00bfCu\u00e1l es tu rol en la empresa?*<\/option><option   value='Propietario'>Propietario<\/option><option   value='Administrador'>Administrador<\/option><option   value='Director'>Director<\/option><option   value='Responsable de compras'>Responsable de compras<\/option><option   value='Responsable de ventas'>Responsable de ventas<\/option><option   value='Responsable de marketing'>Responsable de marketing<\/option><option   value='Colaborador'>Colaborador<\/option><option   value='Empleado'>Empleado<\/option><option   value='Otro'>Otro<\/option><\/select><\/p><p class='  first_form  form_element form_fullwidth' id='element_avia_4_1'><label for=\"avia_4_1\">Sector de actividad<\/label><select  name=\"avia_4_1\" class=\"select \" id=\"avia_4_1\"><option class=\"av-placeholder\" disabled=\"disabled\" selected=\"selected\" value=''>Sector de actividad<\/option><option   value='Almuerzo'>Almuerzo<\/option><option   value='Tartas y Magdalenas'>Tartas y Magdalenas<\/option><option   value='Helados y Congelados'>Helados y Congelados<\/option><option   value='Productos Frescos'>Productos Frescos<\/option><option   value='Vino'>Vino<\/option><option   value='Supermercado 24h'>Supermercado 24h<\/option><option   value='Farmacia'>Farmacia<\/option><option   value='Belleza'>Belleza<\/option><option   value='Fitness'>Fitness<\/option><option   value='Ropa'>Ropa<\/option><option   value='EPP'>EPP<\/option><option   value='Electr\u00f3nica'>Electr\u00f3nica<\/option><option   value='Juguetes\/TCG'>Juguetes\/TCG<\/option><option   value='Librer\u00edas \/ Bibliotecas'>Librer\u00edas \/ Bibliotecas<\/option><option   value='Productos para adultos VM 18'>Productos para adultos VM 18<\/option><option   value='OTROS'>OTROS<\/option><\/select><\/p><p class='  first_form  form_element form_fullwidth' id='element_avia_5_1'><label for=\"avia_5_1\">Enlace a sitio web o redes sociales<\/label> <input name=\"avia_5_1\" class=\"text_input \" type=\"text\" id=\"avia_5_1\" value=\"\"  placeholder='Enlace a sitio web o redes sociales'\/><\/p><p class='  first_form  form_element form_fullwidth' id='element_avia_6_1'><label for=\"avia_6_1\">Ciudad <abbr class=\"required\" title=\"requerido\">*<\/abbr><\/label> <input name=\"avia_6_1\" class=\"text_input is_empty\" type=\"text\" id=\"avia_6_1\" value=\"\"  placeholder='Ciudad*'\/><\/p><p class='  first_form  form_element form_fullwidth' id='element_avia_7_1'><label for=\"avia_7_1\">Correo electr\u00f3nico <abbr class=\"required\" title=\"requerido\">*<\/abbr><\/label> <input name=\"avia_7_1\" class=\"text_input is_email\" type=\"text\" id=\"avia_7_1\" value=\"\"  placeholder='Correo electr\u00f3nico*'\/><\/p><p class='  first_form  form_element form_fullwidth' id='element_avia_8_1'><label for=\"avia_8_1\">Tel\u00e9fono<\/label> <input name=\"avia_8_1\" class=\"text_input \" type=\"text\" id=\"avia_8_1\" value=\"\"  placeholder='Tel\u00e9fono'\/><\/p><p class='  first_form  form_element form_fullwidth' id='element_avia_9_1'><label for=\"avia_9_1\">N\u00famero de IVA<\/label> <input name=\"avia_9_1\" class=\"text_input \" type=\"text\" id=\"avia_9_1\" value=\"\"  placeholder='N\u00famero de IVA'\/><\/p><p class='  first_form  form_element form_fullwidth' id='element_avia_10_1'><label for=\"avia_10_1\">\u00bfC\u00f3mo nos descubriste?<\/label><select  name=\"avia_10_1\" class=\"select \" id=\"avia_10_1\"><option class=\"av-placeholder\" disabled=\"disabled\" selected=\"selected\" value=''>\u00bfC\u00f3mo nos descubriste?<\/option><option   value='Google'>Google<\/option><option   value='Facebook'>Facebook<\/option><option   value='Instagram'>Instagram<\/option><option   value='TikTok'>TikTok<\/option><option   value='YouTube'>YouTube<\/option><option   value='Art\u00edculo de blog'>Art\u00edculo de blog<\/option><option   value='Feria comercial'>Feria comercial<\/option><option   value='A trav\u00e9s de otro cliente'>A trav\u00e9s de otro cliente<\/option><option   value='Vi a uno de sus distribuidores'>Vi a uno de sus distribuidores<\/option><option   value='Otro'>Otro<\/option><\/select><\/p><p class='  first_form  form_element form_fullwidth' id='element_avia_11_1'><label for=\"avia_11_1\" class=\"textare_label hidden textare_label_avia_11_1\">Describa brevemente su proyecto<\/label><textarea  placeholder='Describa brevemente su proyecto' name=\"avia_11_1\" class=\"text_area \" cols=\"40\" rows=\"7\" id=\"avia_11_1\" ><\/textarea><\/p><p class='  first_form  form_element form_fullwidth av-last-visible-form-element' id='element_avia_12_1'><input  name=\"avia_12_1\" class=\"input_checkbox is_empty\" type=\"checkbox\" id=\"avia_12_1\" value=\"true\"\/><label class=\"input_checkbox_label\" for=\"avia_12_1\">Pol\u00edtica de privacidad - He le\u00eddo y acepto los t\u00e9rminos de la Pol\u00edtica de privacidad. <abbr class=\"required\" title=\"requerido\">*<\/abbr><\/label><\/p><p class=\"hidden\"><input type=\"text\" name=\"avia_13_1\" class=\"hidden \" id=\"avia_13_1\" value=\"\" \/><\/p><p class=\"form_element \"><input type=\"hidden\" value=\"1\" name=\"avia_generated_form1\" \/><input type=\"submit\" value=\"Enviar solicitud\" class=\"button\"  data-sending-label=\"Enviando\"\/><\/p><\/fieldset><\/form><div id=\"ajaxresponse_1\" class=\"ajaxresponse ajaxresponse_1 hidden\"><\/div><\/div><\/div><!--close column table wrapper. Autoclose: 1 -->\n<style type=\"text\/css\" data-created_by=\"avia_inline_auto\" id=\"style-css-av-3a9mbl-5c28de8391ef339515a437a32cee4a66\">\n#top .hr.hr-invisible.av-3a9mbl-5c28de8391ef339515a437a32cee4a66{\nheight:100px;\n}\n<\/style>\n<div  class='hr av-3a9mbl-5c28de8391ef339515a437a32cee4a66 hr-invisible  avia-builder-el-9  el_after_av_one_half  avia-builder-el-last '><span class='hr-inner '><span class=\"hr-inner-style\"><\/span><\/span><\/div>\n\n","protected":false},"excerpt":{"rendered":"","protected":false},"author":1,"featured_media":0,"parent":0,"menu_order":0,"comment_status":"closed","ping_status":"closed","template":"","meta":{"footnotes":""},"class_list":["post-5130","page","type-page","status-publish","hentry"],"yoast_head":"<!-- This site is optimized with the Yoast SEO plugin v25.7 - https:\/\/yoast.com\/wordpress\/plugins\/seo\/ -->\n<title>CONTACTOS CON NUEVOS CLIENTES - magex<\/title>\n<meta name=\"robots\" content=\"index, follow, max-snippet:-1, max-image-preview:large, max-video-preview:-1\" \/>\n<link rel=\"canonical\" href=\"https:\/\/www.magex.it\/es\/contactos-con-nuevos-clientes\/\" \/>\n<meta property=\"og:locale\" content=\"es_ES\" \/>\n<meta property=\"og:type\" content=\"article\" \/>\n<meta property=\"og:title\" content=\"CONTACTOS CON NUEVOS CLIENTES - magex\" \/>\n<meta property=\"og:url\" content=\"https:\/\/www.magex.it\/es\/contactos-con-nuevos-clientes\/\" \/>\n<meta property=\"og:site_name\" content=\"magex\" \/>\n<meta property=\"article:publisher\" content=\"https:\/\/www.facebook.com\/MagexSrl\" \/>\n<meta property=\"article:modified_time\" content=\"2025-09-01T06:52:15+00:00\" \/>\n<meta property=\"og:image\" content=\"https:\/\/www.magex.it\/wp-content\/uploads\/2023\/03\/striscia.webp\" \/>\n\t<meta property=\"og:image:width\" content=\"300\" \/>\n\t<meta property=\"og:image:height\" content=\"6\" \/>\n\t<meta property=\"og:image:type\" content=\"image\/webp\" \/>\n<meta name=\"twitter:card\" content=\"summary_large_image\" \/>\n<meta name=\"twitter:label1\" content=\"Tiempo de lectura\" \/>\n\t<meta name=\"twitter:data1\" content=\"2 minutos\" \/>\n<script type=\"application\/ld+json\" class=\"yoast-schema-graph\">{\"@context\":\"https:\/\/schema.org\",\"@graph\":[{\"@type\":\"WebPage\",\"@id\":\"https:\/\/www.magex.it\/es\/contactos-con-nuevos-clientes\/\",\"url\":\"https:\/\/www.magex.it\/es\/contactos-con-nuevos-clientes\/\",\"name\":\"CONTACTOS CON NUEVOS CLIENTES - magex\",\"isPartOf\":{\"@id\":\"https:\/\/www.magex.it\/es\/#website\"},\"primaryImageOfPage\":{\"@id\":\"https:\/\/www.magex.it\/es\/contactos-con-nuevos-clientes\/#primaryimage\"},\"image\":{\"@id\":\"https:\/\/www.magex.it\/es\/contactos-con-nuevos-clientes\/#primaryimage\"},\"thumbnailUrl\":\"https:\/\/www.magex.it\/wp-content\/uploads\/2023\/03\/striscia.webp\",\"datePublished\":\"2023-11-20T17:41:48+00:00\",\"dateModified\":\"2025-09-01T06:52:15+00:00\",\"breadcrumb\":{\"@id\":\"https:\/\/www.magex.it\/es\/contactos-con-nuevos-clientes\/#breadcrumb\"},\"inLanguage\":\"es\",\"potentialAction\":[{\"@type\":\"ReadAction\",\"target\":[\"https:\/\/www.magex.it\/es\/contactos-con-nuevos-clientes\/\"]}]},{\"@type\":\"ImageObject\",\"inLanguage\":\"es\",\"@id\":\"https:\/\/www.magex.it\/es\/contactos-con-nuevos-clientes\/#primaryimage\",\"url\":\"https:\/\/www.magex.it\/wp-content\/uploads\/2023\/03\/striscia.webp\",\"contentUrl\":\"https:\/\/www.magex.it\/wp-content\/uploads\/2023\/03\/striscia.webp\"},{\"@type\":\"BreadcrumbList\",\"@id\":\"https:\/\/www.magex.it\/es\/contactos-con-nuevos-clientes\/#breadcrumb\",\"itemListElement\":[{\"@type\":\"ListItem\",\"position\":1,\"name\":\"Home\",\"item\":\"https:\/\/www.magex.it\/es\/\"},{\"@type\":\"ListItem\",\"position\":2,\"name\":\"CONTACTOS CON NUEVOS CLIENTES\"}]},{\"@type\":\"WebSite\",\"@id\":\"https:\/\/www.magex.it\/es\/#website\",\"url\":\"https:\/\/www.magex.it\/es\/\",\"name\":\"magex ditributori automatici\",\"description\":\"automated retail, automated shop, distributori automatici, negozi automatici\",\"publisher\":{\"@id\":\"https:\/\/www.magex.it\/es\/#organization\"},\"alternateName\":\"magex automated retail\",\"potentialAction\":[{\"@type\":\"SearchAction\",\"target\":{\"@type\":\"EntryPoint\",\"urlTemplate\":\"https:\/\/www.magex.it\/es\/?s={search_term_string}\"},\"query-input\":{\"@type\":\"PropertyValueSpecification\",\"valueRequired\":true,\"valueName\":\"search_term_string\"}}],\"inLanguage\":\"es\"},{\"@type\":\"Organization\",\"@id\":\"https:\/\/www.magex.it\/es\/#organization\",\"name\":\"magex distributori automatici\",\"url\":\"https:\/\/www.magex.it\/es\/\",\"logo\":{\"@type\":\"ImageObject\",\"inLanguage\":\"es\",\"@id\":\"https:\/\/www.magex.it\/es\/#\/schema\/logo\/image\/\",\"url\":\"https:\/\/www.magex.it\/wp-content\/uploads\/2023\/02\/magex.svg\",\"contentUrl\":\"https:\/\/www.magex.it\/wp-content\/uploads\/2023\/02\/magex.svg\",\"width\":1,\"height\":1,\"caption\":\"magex distributori automatici\"},\"image\":{\"@id\":\"https:\/\/www.magex.it\/es\/#\/schema\/logo\/image\/\"},\"sameAs\":[\"https:\/\/www.facebook.com\/MagexSrl\",\"https:\/\/www.instagram.com\/magexsrl\/\",\"https:\/\/www.linkedin.com\/company\/magex-s.r.l.\/\",\"https:\/\/www.youtube.com\/user\/magexsrl\",\"https:\/\/www.tiktok.com\/@magexsrl\"]}]}<\/script>\n<!-- \/ Yoast SEO plugin. -->","yoast_head_json":{"title":"CONTACTOS CON NUEVOS CLIENTES - magex","robots":{"index":"index","follow":"follow","max-snippet":"max-snippet:-1","max-image-preview":"max-image-preview:large","max-video-preview":"max-video-preview:-1"},"canonical":"https:\/\/www.magex.it\/es\/contactos-con-nuevos-clientes\/","og_locale":"es_ES","og_type":"article","og_title":"CONTACTOS CON NUEVOS CLIENTES - magex","og_url":"https:\/\/www.magex.it\/es\/contactos-con-nuevos-clientes\/","og_site_name":"magex","article_publisher":"https:\/\/www.facebook.com\/MagexSrl","article_modified_time":"2025-09-01T06:52:15+00:00","og_image":[{"width":300,"height":6,"url":"https:\/\/www.magex.it\/wp-content\/uploads\/2023\/03\/striscia.webp","type":"image\/webp"}],"twitter_card":"summary_large_image","twitter_misc":{"Tiempo de lectura":"2 minutos"},"schema":{"@context":"https:\/\/schema.org","@graph":[{"@type":"WebPage","@id":"https:\/\/www.magex.it\/es\/contactos-con-nuevos-clientes\/","url":"https:\/\/www.magex.it\/es\/contactos-con-nuevos-clientes\/","name":"CONTACTOS CON NUEVOS CLIENTES - magex","isPartOf":{"@id":"https:\/\/www.magex.it\/es\/#website"},"primaryImageOfPage":{"@id":"https:\/\/www.magex.it\/es\/contactos-con-nuevos-clientes\/#primaryimage"},"image":{"@id":"https:\/\/www.magex.it\/es\/contactos-con-nuevos-clientes\/#primaryimage"},"thumbnailUrl":"https:\/\/www.magex.it\/wp-content\/uploads\/2023\/03\/striscia.webp","datePublished":"2023-11-20T17:41:48+00:00","dateModified":"2025-09-01T06:52:15+00:00","breadcrumb":{"@id":"https:\/\/www.magex.it\/es\/contactos-con-nuevos-clientes\/#breadcrumb"},"inLanguage":"es","potentialAction":[{"@type":"ReadAction","target":["https:\/\/www.magex.it\/es\/contactos-con-nuevos-clientes\/"]}]},{"@type":"ImageObject","inLanguage":"es","@id":"https:\/\/www.magex.it\/es\/contactos-con-nuevos-clientes\/#primaryimage","url":"https:\/\/www.magex.it\/wp-content\/uploads\/2023\/03\/striscia.webp","contentUrl":"https:\/\/www.magex.it\/wp-content\/uploads\/2023\/03\/striscia.webp"},{"@type":"BreadcrumbList","@id":"https:\/\/www.magex.it\/es\/contactos-con-nuevos-clientes\/#breadcrumb","itemListElement":[{"@type":"ListItem","position":1,"name":"Home","item":"https:\/\/www.magex.it\/es\/"},{"@type":"ListItem","position":2,"name":"CONTACTOS CON NUEVOS CLIENTES"}]},{"@type":"WebSite","@id":"https:\/\/www.magex.it\/es\/#website","url":"https:\/\/www.magex.it\/es\/","name":"magex ditributori automatici","description":"automated retail, automated shop, distributori automatici, negozi automatici","publisher":{"@id":"https:\/\/www.magex.it\/es\/#organization"},"alternateName":"magex automated retail","potentialAction":[{"@type":"SearchAction","target":{"@type":"EntryPoint","urlTemplate":"https:\/\/www.magex.it\/es\/?s={search_term_string}"},"query-input":{"@type":"PropertyValueSpecification","valueRequired":true,"valueName":"search_term_string"}}],"inLanguage":"es"},{"@type":"Organization","@id":"https:\/\/www.magex.it\/es\/#organization","name":"magex distributori automatici","url":"https:\/\/www.magex.it\/es\/","logo":{"@type":"ImageObject","inLanguage":"es","@id":"https:\/\/www.magex.it\/es\/#\/schema\/logo\/image\/","url":"https:\/\/www.magex.it\/wp-content\/uploads\/2023\/02\/magex.svg","contentUrl":"https:\/\/www.magex.it\/wp-content\/uploads\/2023\/02\/magex.svg","width":1,"height":1,"caption":"magex distributori automatici"},"image":{"@id":"https:\/\/www.magex.it\/es\/#\/schema\/logo\/image\/"},"sameAs":["https:\/\/www.facebook.com\/MagexSrl","https:\/\/www.instagram.com\/magexsrl\/","https:\/\/www.linkedin.com\/company\/magex-s.r.l.\/","https:\/\/www.youtube.com\/user\/magexsrl","https:\/\/www.tiktok.com\/@magexsrl"]}]}},"_links":{"self":[{"href":"https:\/\/www.magex.it\/es\/wp-json\/wp\/v2\/pages\/5130","targetHints":{"allow":["GET"]}}],"collection":[{"href":"https:\/\/www.magex.it\/es\/wp-json\/wp\/v2\/pages"}],"about":[{"href":"https:\/\/www.magex.it\/es\/wp-json\/wp\/v2\/types\/page"}],"author":[{"embeddable":true,"href":"https:\/\/www.magex.it\/es\/wp-json\/wp\/v2\/users\/1"}],"replies":[{"embeddable":true,"href":"https:\/\/www.magex.it\/es\/wp-json\/wp\/v2\/comments?post=5130"}],"version-history":[{"count":12,"href":"https:\/\/www.magex.it\/es\/wp-json\/wp\/v2\/pages\/5130\/revisions"}],"predecessor-version":[{"id":10456,"href":"https:\/\/www.magex.it\/es\/wp-json\/wp\/v2\/pages\/5130\/revisions\/10456"}],"wp:attachment":[{"href":"https:\/\/www.magex.it\/es\/wp-json\/wp\/v2\/media?parent=5130"}],"curies":[{"name":"wp","href":"https:\/\/api.w.org\/{rel}","templated":true}]}}